{"id":15,"date":"2018-05-26T15:48:25","date_gmt":"2018-05-26T13:48:25","guid":{"rendered":"http:\/\/gites-dinant.be\/?page_id=15"},"modified":"2020-07-28T15:04:42","modified_gmt":"2020-07-28T13:04:42","slug":"presentation","status":"publish","type":"page","link":"https:\/\/gites-dinant.be\/?page_id=15","title":{"rendered":"Pr\u00e9sentation"},"content":{"rendered":"<p><span style=\"font-family: verdana, geneva, sans-serif;\"><big>En <span class=\"SpellE\">Haute-Meuse<\/span>, au creux du pittoresque village rural de <span class=\"SpellE\">Foy-Notre-Dame<\/span>, vous trouverez plus qu&rsquo;un h\u00e9bergement: L&rsquo;espace de la campagne, la qui\u00e9tude des bois et m\u00eame la libert\u00e9 de ne pas voir les richesses mosanes, tant il fait bon vivre au coin du feu ou sur l&rsquo;herbe fra\u00eeche. Du paresseux gastronome au sportif intr\u00e9pide, chacun trouvera ce qui lui convient dans la r\u00e9gion.<\/big><\/span><\/p>\n<p><span style=\"font-size: 14pt;\"><span style=\"font-family: verdana, geneva, sans-serif;\">Les deux g\u00eetes identiques ont \u00e9t\u00e9 am\u00e9nag\u00e9s dans un b\u00e2timent du dix-septi\u00e8me si\u00e8cle. Ils sont ind\u00e9pendants.&nbsp; <\/span><span style=\"font-family: verdana, geneva, sans-serif;\">L&rsquo;un est au rez-de-chauss\u00e9e: <em>G\u00eete Foyti<\/em>.&nbsp;&nbsp; L&rsquo;autre, \u00e0 l&rsquo;\u00e9tage, est accessible par un escalier ext\u00e9rieur: <em>G\u00eete Saboti<\/em>.<\/span><\/span><\/p>\n<p><span style=\"font-family: verdana, geneva, sans-serif;\"><img decoding=\"async\" loading=\"lazy\" class=\"alignnone size-large wp-image-148\" src=\"http:\/\/gites-dinant.be\/wp-content\/uploads\/2018\/05\/00-1024x668.jpg\" alt=\"\" width=\"720\" height=\"470\" srcset=\"https:\/\/gites-dinant.be\/wp-content\/uploads\/2018\/05\/00-1024x668.jpg 1024w, https:\/\/gites-dinant.be\/wp-content\/uploads\/2018\/05\/00-300x196.jpg 300w, https:\/\/gites-dinant.be\/wp-content\/uploads\/2018\/05\/00-768x501.jpg 768w\" sizes=\"(max-width: 720px) 100vw, 720px\" \/><\/span><\/p>\n<table>\n<tbody>\n<tr>\n<td style=\"width: 562px;\" colspan=\"4\" rowspan=\"1\"><span style=\"font-family: verdana, geneva, sans-serif; font-size: 14pt;\">L&rsquo;am\u00e9nagement rustique comprend, outre la salle \u00e0 manger, un salon avec feu ouvert, TV; une chambre compl\u00e8te deux personnes, ainsi qu&rsquo;une petite pi\u00e8ce avec \u00e9galement un lit deux personnes. Ils sont pourvus du confort moderne : chauffage central avec vannes thermostatiques, douche, eau chaude \u00e0 temp\u00e9rature modulable, toilettes, cuisine \u00e9quip\u00e9e, mise \u00e0 disposition d&rsquo;une machine \u00e0 laver. Le coin cuisine est s\u00e9par\u00e9 du living par le plan de travail. Il comprend une cuisini\u00e8re \u00e9lectrique, un frigo, un \u00e9vier deux bacs, La batterie de cuisine ainsi que la vaisselle sont pr\u00e9vues pour 4 personnes.<\/span><\/td>\n<\/tr>\n<\/tbody>\n<\/table>\n","protected":false},"excerpt":{"rendered":"<p>En Haute-Meuse, au creux du pittoresque village rural de Foy-Notre-Dame, vous trouverez plus qu&rsquo;un h\u00e9bergement: L&rsquo;espace de la campagne, la qui\u00e9tude des bois et m\u00eame la libert\u00e9 de ne pas voir les richesses mosanes, tant il fait bon vivre au<\/p>\n","protected":false},"author":1,"featured_media":0,"parent":0,"menu_order":0,"comment_status":"closed","ping_status":"closed","template":"","meta":[],"_links":{"self":[{"href":"https:\/\/gites-dinant.be\/index.php?rest_route=\/wp\/v2\/pages\/15"}],"collection":[{"href":"https:\/\/gites-dinant.be\/index.php?rest_route=\/wp\/v2\/pages"}],"about":[{"href":"https:\/\/gites-dinant.be\/index.php?rest_route=\/wp\/v2\/types\/page"}],"author":[{"embeddable":true,"href":"https:\/\/gites-dinant.be\/index.php?rest_route=\/wp\/v2\/users\/1"}],"replies":[{"embeddable":true,"href":"https:\/\/gites-dinant.be\/index.php?rest_route=%2Fwp%2Fv2%2Fcomments&post=15"}],"version-history":[{"count":21,"href":"https:\/\/gites-dinant.be\/index.php?rest_route=\/wp\/v2\/pages\/15\/revisions"}],"predecessor-version":[{"id":323,"href":"https:\/\/gites-dinant.be\/index.php?rest_route=\/wp\/v2\/pages\/15\/revisions\/323"}],"wp:attachment":[{"href":"https:\/\/gites-dinant.be\/index.php?rest_route=%2Fwp%2Fv2%2Fmedia&parent=15"}],"curies":[{"name":"wp","href":"https:\/\/api.w.org\/{rel}","templated":true}]}}