{"id":190,"date":"2018-06-04T12:48:57","date_gmt":"2018-06-04T10:48:57","guid":{"rendered":"http:\/\/gites-dinant.be\/?page_id=190"},"modified":"2018-06-04T13:12:01","modified_gmt":"2018-06-04T11:12:01","slug":"gite-saboti","status":"publish","type":"page","link":"https:\/\/gites-dinant.be\/?page_id=190","title":{"rendered":"G\u00eete Saboti"},"content":{"rendered":"<p><span style=\"font-family: verdana, geneva, sans-serif; font-size: 14pt;\">L&rsquo;avantage du g\u00eete du haut est sa luminosit\u00e9. Et pourtant, malgr\u00e9 toute la lumi\u00e8re qui entre par les portes et fen\u00eatres, il n&rsquo;y fait pas trop chaud en \u00e9t\u00e9. C&rsquo;est l\u00e0 le privil\u00e8ge des anciennes constructions en pierres ! Un autre avantage de sa situation \u00e0 l&rsquo;\u00e9tage, est la magnifique <span class=\"GramE\">vue<\/span> d\u00e9gag\u00e9e que l&rsquo;on a de la terrasse. Cette derni\u00e8re est assez vaste et est \u00e9quip\u00e9e d&rsquo;une table, de chaises de jardin et d&rsquo;un barbecue portable. Id\u00e9al pour vos vacances en Wallonie, \u00e0 la porte des Ardennes.<\/span><\/p>\n<div id='gallery-1' class='gallery galleryid-190 gallery-columns-3 gallery-size-medium'><figure class='gallery-item'>\n\t\t\t<div class='gallery-icon landscape'>\n\t\t\t\t<a href='https:\/\/gites-dinant.be\/?attachment_id=214'><img width=\"300\" height=\"168\" src=\"https:\/\/gites-dinant.be\/wp-content\/uploads\/2018\/06\/DSC03349-300x168.jpg\" class=\"attachment-medium size-medium\" alt=\"\" decoding=\"async\" loading=\"lazy\" aria-describedby=\"gallery-1-214\" srcset=\"https:\/\/gites-dinant.be\/wp-content\/uploads\/2018\/06\/DSC03349-300x168.jpg 300w, https:\/\/gites-dinant.be\/wp-content\/uploads\/2018\/06\/DSC03349-768x431.jpg 768w, https:\/\/gites-dinant.be\/wp-content\/uploads\/2018\/06\/DSC03349-1024x575.jpg 1024w\" sizes=\"(max-width: 300px) 100vw, 300px\" \/><\/a>\n\t\t\t<\/div>\n\t\t\t\t<figcaption class='wp-caption-text gallery-caption' id='gallery-1-214'>\n\t\t\t\tMaison de vacances\n\t\t\t\t<\/figcaption><\/figure><figure class='gallery-item'>\n\t\t\t<div class='gallery-icon landscape'>\n\t\t\t\t<a href='https:\/\/gites-dinant.be\/?attachment_id=196'><img width=\"300\" height=\"190\" src=\"https:\/\/gites-dinant.be\/wp-content\/uploads\/2018\/06\/4.1-300x190.jpg\" class=\"attachment-medium size-medium\" alt=\"\" decoding=\"async\" loading=\"lazy\" srcset=\"https:\/\/gites-dinant.be\/wp-content\/uploads\/2018\/06\/4.1-300x190.jpg 300w, https:\/\/gites-dinant.be\/wp-content\/uploads\/2018\/06\/4.1-768x486.jpg 768w, https:\/\/gites-dinant.be\/wp-content\/uploads\/2018\/06\/4.1-1024x648.jpg 1024w\" sizes=\"(max-width: 300px) 100vw, 300px\" \/><\/a>\n\t\t\t<\/div><\/figure><figure class='gallery-item'>\n\t\t\t<div class='gallery-icon landscape'>\n\t\t\t\t<a href='https:\/\/gites-dinant.be\/?attachment_id=195'><img width=\"300\" height=\"189\" src=\"https:\/\/gites-dinant.be\/wp-content\/uploads\/2018\/06\/3-1-300x189.jpg\" class=\"attachment-medium size-medium\" alt=\"\" decoding=\"async\" loading=\"lazy\" srcset=\"https:\/\/gites-dinant.be\/wp-content\/uploads\/2018\/06\/3-1-300x189.jpg 300w, https:\/\/gites-dinant.be\/wp-content\/uploads\/2018\/06\/3-1-768x483.jpg 768w, https:\/\/gites-dinant.be\/wp-content\/uploads\/2018\/06\/3-1-1024x644.jpg 1024w, https:\/\/gites-dinant.be\/wp-content\/uploads\/2018\/06\/3-1.jpg 1600w\" sizes=\"(max-width: 300px) 100vw, 300px\" \/><\/a>\n\t\t\t<\/div><\/figure><figure class='gallery-item'>\n\t\t\t<div class='gallery-icon landscape'>\n\t\t\t\t<a href='https:\/\/gites-dinant.be\/?attachment_id=109'><img width=\"300\" height=\"168\" src=\"https:\/\/gites-dinant.be\/wp-content\/uploads\/2018\/05\/DSC06664-300x168.jpg\" class=\"attachment-medium size-medium\" alt=\"\" decoding=\"async\" loading=\"lazy\" srcset=\"https:\/\/gites-dinant.be\/wp-content\/uploads\/2018\/05\/DSC06664-300x168.jpg 300w, https:\/\/gites-dinant.be\/wp-content\/uploads\/2018\/05\/DSC06664-768x431.jpg 768w, https:\/\/gites-dinant.be\/wp-content\/uploads\/2018\/05\/DSC06664-1024x575.jpg 1024w\" sizes=\"(max-width: 300px) 100vw, 300px\" \/><\/a>\n\t\t\t<\/div><\/figure><figure class='gallery-item'>\n\t\t\t<div class='gallery-icon landscape'>\n\t\t\t\t<a href='https:\/\/gites-dinant.be\/?attachment_id=205'><img width=\"300\" height=\"168\" src=\"https:\/\/gites-dinant.be\/wp-content\/uploads\/2018\/06\/DSC06667-300x168.jpg\" class=\"attachment-medium size-medium\" alt=\"\" decoding=\"async\" loading=\"lazy\" srcset=\"https:\/\/gites-dinant.be\/wp-content\/uploads\/2018\/06\/DSC06667-300x168.jpg 300w, https:\/\/gites-dinant.be\/wp-content\/uploads\/2018\/06\/DSC06667-768x431.jpg 768w, https:\/\/gites-dinant.be\/wp-content\/uploads\/2018\/06\/DSC06667-1024x575.jpg 1024w\" sizes=\"(max-width: 300px) 100vw, 300px\" \/><\/a>\n\t\t\t<\/div><\/figure><figure class='gallery-item'>\n\t\t\t<div class='gallery-icon landscape'>\n\t\t\t\t<a href='https:\/\/gites-dinant.be\/?attachment_id=107'><img width=\"300\" height=\"168\" src=\"https:\/\/gites-dinant.be\/wp-content\/uploads\/2018\/05\/DSC06653-300x168.jpg\" class=\"attachment-medium size-medium\" alt=\"\" decoding=\"async\" loading=\"lazy\" srcset=\"https:\/\/gites-dinant.be\/wp-content\/uploads\/2018\/05\/DSC06653-300x168.jpg 300w, https:\/\/gites-dinant.be\/wp-content\/uploads\/2018\/05\/DSC06653-768x431.jpg 768w, https:\/\/gites-dinant.be\/wp-content\/uploads\/2018\/05\/DSC06653-1024x575.jpg 1024w\" sizes=\"(max-width: 300px) 100vw, 300px\" \/><\/a>\n\t\t\t<\/div><\/figure><figure class='gallery-item'>\n\t\t\t<div class='gallery-icon landscape'>\n\t\t\t\t<a href='https:\/\/gites-dinant.be\/?attachment_id=201'><img width=\"300\" height=\"187\" src=\"https:\/\/gites-dinant.be\/wp-content\/uploads\/2018\/06\/8-300x187.jpg\" class=\"attachment-medium size-medium\" alt=\"\" decoding=\"async\" loading=\"lazy\" srcset=\"https:\/\/gites-dinant.be\/wp-content\/uploads\/2018\/06\/8-300x187.jpg 300w, https:\/\/gites-dinant.be\/wp-content\/uploads\/2018\/06\/8-768x478.jpg 768w, https:\/\/gites-dinant.be\/wp-content\/uploads\/2018\/06\/8-1024x637.jpg 1024w\" sizes=\"(max-width: 300px) 100vw, 300px\" \/><\/a>\n\t\t\t<\/div><\/figure><figure class='gallery-item'>\n\t\t\t<div class='gallery-icon landscape'>\n\t\t\t\t<a href='https:\/\/gites-dinant.be\/?attachment_id=191'><img width=\"300\" height=\"168\" src=\"https:\/\/gites-dinant.be\/wp-content\/uploads\/2018\/06\/DSC04457-300x168.jpg\" class=\"attachment-medium size-medium\" alt=\"\" decoding=\"async\" loading=\"lazy\" srcset=\"https:\/\/gites-dinant.be\/wp-content\/uploads\/2018\/06\/DSC04457-300x168.jpg 300w, https:\/\/gites-dinant.be\/wp-content\/uploads\/2018\/06\/DSC04457-768x431.jpg 768w, https:\/\/gites-dinant.be\/wp-content\/uploads\/2018\/06\/DSC04457-1024x575.jpg 1024w\" sizes=\"(max-width: 300px) 100vw, 300px\" \/><\/a>\n\t\t\t<\/div><\/figure><figure class='gallery-item'>\n\t\t\t<div class='gallery-icon landscape'>\n\t\t\t\t<a href='https:\/\/gites-dinant.be\/?attachment_id=211'><img width=\"300\" height=\"168\" src=\"https:\/\/gites-dinant.be\/wp-content\/uploads\/2018\/06\/DSC03355-300x168.jpg\" class=\"attachment-medium size-medium\" alt=\"\" decoding=\"async\" loading=\"lazy\" srcset=\"https:\/\/gites-dinant.be\/wp-content\/uploads\/2018\/06\/DSC03355-300x168.jpg 300w, https:\/\/gites-dinant.be\/wp-content\/uploads\/2018\/06\/DSC03355-768x431.jpg 768w, https:\/\/gites-dinant.be\/wp-content\/uploads\/2018\/06\/DSC03355-1024x575.jpg 1024w\" sizes=\"(max-width: 300px) 100vw, 300px\" \/><\/a>\n\t\t\t<\/div><\/figure>\n\t\t<\/div>\n\n<p>&nbsp;<\/p>\n","protected":false},"excerpt":{"rendered":"<p>L&rsquo;avantage du g\u00eete du haut est sa luminosit\u00e9. Et pourtant, malgr\u00e9 toute la lumi\u00e8re qui entre par les portes et fen\u00eatres, il n&rsquo;y fait pas trop chaud en \u00e9t\u00e9. C&rsquo;est l\u00e0 le privil\u00e8ge des anciennes constructions en pierres ! Un<\/p>\n","protected":false},"author":1,"featured_media":0,"parent":0,"menu_order":0,"comment_status":"closed","ping_status":"closed","template":"","meta":[],"_links":{"self":[{"href":"https:\/\/gites-dinant.be\/index.php?rest_route=\/wp\/v2\/pages\/190"}],"collection":[{"href":"https:\/\/gites-dinant.be\/index.php?rest_route=\/wp\/v2\/pages"}],"about":[{"href":"https:\/\/gites-dinant.be\/index.php?rest_route=\/wp\/v2\/types\/page"}],"author":[{"embeddable":true,"href":"https:\/\/gites-dinant.be\/index.php?rest_route=\/wp\/v2\/users\/1"}],"replies":[{"embeddable":true,"href":"https:\/\/gites-dinant.be\/index.php?rest_route=%2Fwp%2Fv2%2Fcomments&post=190"}],"version-history":[{"count":6,"href":"https:\/\/gites-dinant.be\/index.php?rest_route=\/wp\/v2\/pages\/190\/revisions"}],"predecessor-version":[{"id":216,"href":"https:\/\/gites-dinant.be\/index.php?rest_route=\/wp\/v2\/pages\/190\/revisions\/216"}],"wp:attachment":[{"href":"https:\/\/gites-dinant.be\/index.php?rest_route=%2Fwp%2Fv2%2Fmedia&parent=190"}],"curies":[{"name":"wp","href":"https:\/\/api.w.org\/{rel}","templated":true}]}}