{"id":9,"date":"2018-05-26T15:31:27","date_gmt":"2018-05-26T13:31:27","guid":{"rendered":"http:\/\/gites-dinant.be\/?page_id=9"},"modified":"2020-04-26T18:53:28","modified_gmt":"2020-04-26T16:53:28","slug":"bienvenue","status":"publish","type":"page","link":"https:\/\/gites-dinant.be\/","title":{"rendered":"Bienvenue"},"content":{"rendered":"<p><span style=\"font-size: 18pt;\"><strong><span style=\"font-family: verdana, geneva, sans-serif;\">Vos vacances \u00e0 Dinant<\/span><\/strong><\/span><\/p>\n<p><iframe loading=\"lazy\" src=\"\/\/www.youtube.com\/embed\/0FyG-E7QuqY?rel=0&amp;autoplay=1\" width=\"280\" height=\"157\" allowfullscreen=\"allowfullscreen\"><\/iframe><\/p>\n<p><span style=\"font-family: verdana, geneva, sans-serif; font-size: 14pt;\"><big>En Belgique, aux portes des Ardennes, deux magnifiques g\u00eetes de 2 \u00e0 4 personnes offrent tout le confort moderne dans un cadre rustique.<\/big><\/span><\/p>\n<p><span style=\"font-family: verdana, geneva, sans-serif; font-size: 14pt;\">Situ\u00e9 entre les routes du Condroz et des Ardennes, le village de Foy-Notre-Dame n&rsquo;est qu&rsquo;\u00e0 7 km de Dinant et de la vall\u00e9e mosane. La Lesse et la Leffe, rivi\u00e8res r\u00e9put\u00e9es ne sont qu&rsquo;\u00e0 dix minutes, alors qu&rsquo;\u00e0 cinq minutes, vous arrivez d\u00e9j\u00e0 \u00e0 un centre commercial.<\/span><\/p>\n<p><span style=\"font-family: verdana, geneva, sans-serif; font-size: 12pt;\"><big><img decoding=\"async\" loading=\"lazy\" class=\"wp-image-144 alignleft\" src=\"http:\/\/gites-dinant.be\/wp-content\/uploads\/2018\/05\/8-1024x637.jpg\" alt=\"\" width=\"267\" height=\"166\" srcset=\"https:\/\/gites-dinant.be\/wp-content\/uploads\/2018\/05\/8-1024x637.jpg 1024w, https:\/\/gites-dinant.be\/wp-content\/uploads\/2018\/05\/8-300x187.jpg 300w, https:\/\/gites-dinant.be\/wp-content\/uploads\/2018\/05\/8-768x478.jpg 768w\" sizes=\"(max-width: 267px) 100vw, 267px\" \/><\/big><\/span><\/p>\n<p><span style=\"font-family: verdana, geneva, sans-serif; font-size: 14pt;\">La ville de Dinant renferme des joyaux historiques et touristiques : sa citadelle, sa coll\u00e9giale gothique&#8230; le rocher Bayard, les ruines de cr\u00e8ve-c\u0153ur&#8230; la maison espagnole&#8230; les batteurs de cuivre, l&rsquo;abbaye de Leffe&#8230; descente de la Lesse, les croisi\u00e8res sur la Meuse&#8230; et votre g\u00eete rural !<br \/>\n<\/span><\/p>\n","protected":false},"excerpt":{"rendered":"<p>Vos vacances \u00e0 Dinant En Belgique, aux portes des Ardennes, deux magnifiques g\u00eetes de 2 \u00e0 4 personnes offrent tout le confort moderne dans un cadre rustique. Situ\u00e9 entre les routes du Condroz et des Ardennes, le village de Foy-Notre-Dame<\/p>\n","protected":false},"author":1,"featured_media":0,"parent":0,"menu_order":0,"comment_status":"closed","ping_status":"closed","template":"","meta":[],"_links":{"self":[{"href":"https:\/\/gites-dinant.be\/index.php?rest_route=\/wp\/v2\/pages\/9"}],"collection":[{"href":"https:\/\/gites-dinant.be\/index.php?rest_route=\/wp\/v2\/pages"}],"about":[{"href":"https:\/\/gites-dinant.be\/index.php?rest_route=\/wp\/v2\/types\/page"}],"author":[{"embeddable":true,"href":"https:\/\/gites-dinant.be\/index.php?rest_route=\/wp\/v2\/users\/1"}],"replies":[{"embeddable":true,"href":"https:\/\/gites-dinant.be\/index.php?rest_route=%2Fwp%2Fv2%2Fcomments&post=9"}],"version-history":[{"count":21,"href":"https:\/\/gites-dinant.be\/index.php?rest_route=\/wp\/v2\/pages\/9\/revisions"}],"predecessor-version":[{"id":315,"href":"https:\/\/gites-dinant.be\/index.php?rest_route=\/wp\/v2\/pages\/9\/revisions\/315"}],"wp:attachment":[{"href":"https:\/\/gites-dinant.be\/index.php?rest_route=%2Fwp%2Fv2%2Fmedia&parent=9"}],"curies":[{"name":"wp","href":"https:\/\/api.w.org\/{rel}","templated":true}]}}